{"id":7556,"date":"2025-11-26T13:25:01","date_gmt":"2025-11-26T12:25:01","guid":{"rendered":"https:\/\/www.kaerntenlaeuft.at\/en\/?page_id=7556"},"modified":"2026-01-23T11:53:45","modified_gmt":"2026-01-23T10:53:45","slug":"partner-events","status":"publish","type":"page","link":"https:\/\/www.kaerntenlaeuft.at\/en\/partner-events\/","title":{"rendered":"Partner Events"},"content":{"rendered":"<p>K\u00e4rnten L\u00e4uft is \u201conly\u201d one of many events throughout the running year. Here is an overview of the races with which we have built strong partnerships in recent years, in order to offer all runners and movement enthusiasts a varied and exciting running season. These events are ones you definitely shouldn\u2019t miss!<\/p>\n<p>&nbsp;<\/p>\n<div class=\"col-md-8\">\n<ul class=\"wp-block-list\">\n<li>22. Februar 2026\u00a0<a href=\"http:\/\/www.napolirunning.com\/nchm\/?lang=en\" target=\"_blank\" rel=\"noreferrer noopener\">Napoli Halbmarathon<\/a><\/li>\n<li>28. M\u00e4rz 2026\u00a0<a href=\"http:\/\/www.runczech.com\/en\/events\/generali-prague-half-marathon-2026\" target=\"_blank\" rel=\"noreferrer noopener\">Prag Halbmarathon<\/a><\/li>\n<li>23. April 2026 \u2013 <a href=\"https:\/\/kwoche.lpages.co\/xtrail\/\" target=\"_blank\" rel=\"noreferrer noopener\" data-type=\"link\" data-id=\"https:\/\/kwoche.lpages.co\/xtrail\/\">\u00a0X-Trail Businessrun<\/a><\/li>\n<li>2. \u2013 3. Mai 2026 \u2013<a href=\"https:\/\/www.runczech.com\/en\/events\/prague-international-marathon-2026\" data-type=\"link\" data-id=\"https:\/\/www.runczech.com\/en\/events\/prague-international-marathon-2026\">\u00a0Prag Marathon<\/a><\/li>\n<li>3. Mai 2026 \u2013\u00a0<a href=\"https:\/\/www.trieste21k.com\/de\/\">Triest Halbmarathon<\/a><\/li>\n<li>21. Mai 2026 \u2013\u00a0<a href=\"https:\/\/www.sportlicher.at\/veranstaltungen\/businessrun-challenge2b-am-neufeldersee-2023\">Businessrun Challenge 2B Neufelder See<\/a><\/li>\n<li>31. Mai 2026 \u2013\u00a0<a href=\"https:\/\/www.runczech.com\/cs\/akce\/mattoni-ceske-budejovice-running-festival-2025\/zavody\/mattoni-ceske-budejovice-half-marathon\">\u010cesk\u00e9 Bud\u011bjoviceh Halbmarathon<\/a><\/li>\n<li>6. Juni 2026 \u2013\u00a0<a href=\"https:\/\/mythomarathon.it\/\" target=\"_blank\" rel=\"noreferrer noopener\">Mytho Marathon Aquileia Italien<\/a><\/li>\n<li>12. Juni 2026 \u2013\u00a0<a href=\"https:\/\/beatthecity.at\/grazathlon\/\">Grazathlon<\/a><\/li>\n<li>14. Juni 2026 \u2013\u00a0<a href=\"https:\/\/www.ironman.com\/im-austria\">Ironman Austria<\/a><\/li>\n<li>25. Juni 2026 \u2013\u00a0<a href=\"https:\/\/www.altstadtlauf-klagenfurt.at\/\" target=\"_blank\" rel=\"noreferrer noopener\">Klagenfurter Altstadtlauf<\/a><\/li>\n<li>26. \u2013 28. Juni 2026 \u2013\u00a0<a href=\"https:\/\/soca-outdoor.com\/en\/home\/\">Soca Outdoor Festival\u00a0<\/a><\/li>\n<li><strong>3. \u2013 5. Juli 2026 \u2013\u00a0<a href=\"https:\/\/grossglockner-mountainrun.at\/\" target=\"_blank\" rel=\"noreferrer noopener\">Grossglockner Mountain Run<\/a><\/strong><\/li>\n<li>4. \u2013 6. September 2026 \u2013\u00a0<a href=\"https:\/\/www.schilcherlauf.at\/\">Schilcherlauf<\/a><\/li>\n<li>13. September 2026 \u2013\u00a0<a href=\"http:\/\/www.wachaumarathon.com\/\">Wachau Marathon<\/a><\/li>\n<li>3. \u2013 4. Oktober 2026 \u2013\u00a0<a href=\"https:\/\/www.novomesto21.si\/en\">Novo Mesto Half Marathon<\/a><\/li>\n<li><strong>9. \u2013 11. Oktober 2026 \u2013\u00a0<a href=\"http:\/\/grazmarathon.at\/\">Graz Marathon<\/a><\/strong><\/li>\n<li>18. Oktober 2026 \u2013\u00a0<a href=\"https:\/\/www.neapolismarathon.it\/\">Napoli Marathon<\/a><\/li>\n<li>25. Oktober 2026 \u2013\u00a0<a href=\"https:\/\/www.venicemarathon.it\/en\/\" data-type=\"link\" data-id=\"http:\/\/venicemarathon.it\/\">Venice Marathon<\/a><\/li>\n<\/ul>\n<p>&nbsp;<\/p>\n<\/div>\n<div class=\"col-md-3 col-md-offset-1 col-right\">\n<div class=\"col-competition-entry adspace text-center\">\n<div id=\"sas_25228\">\n<div id=\"sas_1764159766566rnd\"><\/div>\n<\/div>\n<\/div>\n<\/div>\n","protected":false},"excerpt":{"rendered":"<p>K\u00e4rnten L\u00e4uft is \u201conly\u201d one of many events throughout the running year. Here is an overview of the races with which we have built strong partnerships in recent years, in order to offer all runners and movement enthusiasts a varied and exciting running season. These events are ones you definitely shouldn\u2019t miss! &nbsp; 22. Februar [&hellip;]<\/p>\n","protected":false},"author":10,"featured_media":7558,"parent":0,"menu_order":0,"comment_status":"closed","ping_status":"closed","template":"","meta":{"footnotes":""},"class_list":["post-7556","page","type-page","status-publish","has-post-thumbnail","hentry"],"_links":{"self":[{"href":"https:\/\/www.kaerntenlaeuft.at\/en\/wp-json\/wp\/v2\/pages\/7556","targetHints":{"allow":["GET"]}}],"collection":[{"href":"https:\/\/www.kaerntenlaeuft.at\/en\/wp-json\/wp\/v2\/pages"}],"about":[{"href":"https:\/\/www.kaerntenlaeuft.at\/en\/wp-json\/wp\/v2\/types\/page"}],"author":[{"embeddable":true,"href":"https:\/\/www.kaerntenlaeuft.at\/en\/wp-json\/wp\/v2\/users\/10"}],"replies":[{"embeddable":true,"href":"https:\/\/www.kaerntenlaeuft.at\/en\/wp-json\/wp\/v2\/comments?post=7556"}],"version-history":[{"count":3,"href":"https:\/\/www.kaerntenlaeuft.at\/en\/wp-json\/wp\/v2\/pages\/7556\/revisions"}],"predecessor-version":[{"id":7783,"href":"https:\/\/www.kaerntenlaeuft.at\/en\/wp-json\/wp\/v2\/pages\/7556\/revisions\/7783"}],"wp:featuredmedia":[{"embeddable":true,"href":"https:\/\/www.kaerntenlaeuft.at\/en\/wp-json\/wp\/v2\/media\/7558"}],"wp:attachment":[{"href":"https:\/\/www.kaerntenlaeuft.at\/en\/wp-json\/wp\/v2\/media?parent=7556"}],"curies":[{"name":"wp","href":"https:\/\/api.w.org\/{rel}","templated":true}]}}