{"id":7615,"date":"2025-11-26T15:17:26","date_gmt":"2025-11-26T14:17:26","guid":{"rendered":"https:\/\/www.kaerntenlaeuft.at\/en\/?page_id=7615"},"modified":"2025-12-01T11:29:27","modified_gmt":"2025-12-01T10:29:27","slug":"results-certificates","status":"publish","type":"page","link":"https:\/\/www.kaerntenlaeuft.at\/en\/results-impressions\/results-certificates\/","title":{"rendered":"Results &#038; Certificates"},"content":{"rendered":"<article class=\"text-token-text-primary w-full focus:outline-none [--shadow-height:45px] has-data-writing-block:pointer-events-none has-data-writing-block:-mt-(--shadow-height) has-data-writing-block:pt-(--shadow-height) [&amp;:has([data-writing-block])&gt;*]:pointer-events-auto scroll-mt-[calc(var(--header-height)+min(200px,max(70px,20svh)))]\" dir=\"auto\" tabindex=\"-1\" data-turn-id=\"request-WEB:60f56369-9c5f-4103-91e2-543548efdf5b-35\" data-testid=\"conversation-turn-72\" data-scroll-anchor=\"true\" data-turn=\"assistant\">\n<div class=\"text-base my-auto mx-auto pb-10 [--thread-content-margin:--spacing(4)] thread-sm:[--thread-content-margin:--spacing(6)] thread-lg:[--thread-content-margin:--spacing(16)] px-(--thread-content-margin)\">\n<div class=\"[--thread-content-max-width:40rem] thread-lg:[--thread-content-max-width:48rem] mx-auto max-w-(--thread-content-max-width) flex-1 group\/turn-messages focus-visible:outline-hidden relative flex w-full min-w-0 flex-col agent-turn\" tabindex=\"-1\">\n<div class=\"flex max-w-full flex-col grow\">\n<div class=\"min-h-8 text-message relative flex w-full flex-col items-end gap-2 text-start break-words whitespace-normal [.text-message+&amp;]:mt-1\" dir=\"auto\" data-message-author-role=\"assistant\" data-message-id=\"051aee7b-f064-46be-b8e5-e2384b5a2c11\" data-message-model-slug=\"gpt-5-1-instant\">\n<div class=\"flex w-full flex-col gap-1 empty:hidden first:pt-[1px]\">\n<div class=\"markdown prose dark:prose-invert w-full break-words light markdown-new-styling\">\n<p data-start=\"0\" data-end=\"101\" data-is-last-node=\"\" data-is-only-node=\"\">Here you can find all results from previous editions of K\u00e4rnten L\u00e4uft:<\/p>\n<\/div>\n<\/div>\n<\/div>\n<\/div>\n<\/div>\n<\/div>\n<\/article>\n<div class=\"pointer-events-none h-px w-px\" aria-hidden=\"true\" data-edge=\"true\">\n<p><strong>K\u00e4rnten L\u00e4uft Ergebnisse\u00a0<a href=\"https:\/\/www.maxfunsports.com\/event\/2025\/kaernten-laeuft-4\">2025<\/a><\/strong><\/p>\n<p><strong>K\u00e4rnten L\u00e4uft Ergebnisse\u00a0<a href=\"http:\/\/www.maxfunsports.com\/event\/2024\/kaernten-laeuft-2024\" target=\"_blank\" rel=\"noopener\">2024<\/a><\/strong><\/p>\n<p><strong>K\u00e4rnten L\u00e4uft Ergebnisse\u00a0<a href=\"https:\/\/www.maxfunsports.com\/event\/2023\/kaernten-laeuft-2023\" target=\"_blank\" rel=\"noopener\">2023<\/a><\/strong><\/p>\n<p><strong>K\u00e4rnten L\u00e4uft Ergebnisse\u00a0<a href=\"https:\/\/www.maxfunsports.com\/event\/2022\/kaernten-laeuft-2022\" target=\"_blank\" rel=\"noopener\">2022<\/a><\/strong><\/p>\n<p><strong>K\u00e4rnten L\u00e4uft Ergebnisse\u00a0<a href=\"https:\/\/www.maxfunsports.com\/event\/2021\/kaernten-laeuft-20-bis-22-08-21\">2021<\/a><\/strong><\/p>\n<p><strong>K\u00e4rnten L\u00e4uft Ergebnisse\u00a0<a href=\"https:\/\/www.maxfunsports.com\/event\/2020\/kaernten-laeuft-21-bis-23-08\" target=\"_blank\" rel=\"noopener noreferrer\">2020<\/a><\/strong><\/p>\n<p><strong>K\u00e4rnten L\u00e4uft Ergebnisse\u00a0<a href=\"https:\/\/www.maxfunsports.com\/event\/2019\/kaernten-laeuft-3\">2019<\/a><\/strong><\/p>\n<p><strong>K\u00e4rnten L\u00e4uft Ergebnisse\u00a0<a href=\"https:\/\/www.maxfunsports.com\/event\/2018\/kaernten-laeuft-2\">2018<\/a><\/strong><\/p>\n<p><strong>K\u00e4rnten L\u00e4uft Ergebnisse\u00a0<a href=\"http:\/\/www.maxfunsports.com\/event\/2017\/kaernten-laeuft-1\">2017<\/a><\/strong><\/p>\n<p><strong>K\u00e4rnten L\u00e4uft Ergebnisse\u00a0<a href=\"http:\/\/www.maxfunsports.com\/event\/2016\/kaernten-laeuft-19-bis-21-08-2016\">2016<\/a><\/strong><\/p>\n<p><strong>K\u00e4rnten L\u00e4uft Ergebnisse\u00a0<a href=\"http:\/\/www.maxfunsports.com\/event\/2015\/kaernten-laeuft\" target=\"_blank\" rel=\"noopener noreferrer\">2015<\/a><\/strong><\/p>\n<p><strong>K\u00e4rnten L\u00e4uft Ergebnisse\u00a0<a href=\"http:\/\/results.pentek-timing.at\/results\/show_results.php?v=12330\" target=\"_blank\" rel=\"noopener noreferrer\">2014<\/a><\/strong><\/p>\n<p><strong>K\u00e4rnten L\u00e4uft Ergebnisse\u00a0<a href=\"http:\/\/results.pentek-timing.at\/results\/show_results.php?v=12284\" target=\"_blank\" rel=\"noopener noreferrer\">2013<\/a><\/strong><\/p>\n<p><strong>K\u00e4rnten L\u00e4uft Ergebnisse\u00a0<a href=\"http:\/\/results.pentek-timing.at\/results\/show_results.php?v=11748\" target=\"_blank\" rel=\"noopener noreferrer\">2012<\/a><\/strong><\/p>\n<p><strong>K\u00e4rnten L\u00e4uft Ergebnisse\u00a0<a href=\"http:\/\/results.kleinezeitung.at\/results\/show_results.php?veranstnr=11535\" target=\"_blank\" rel=\"noopener noreferrer\">2011<\/a><\/strong><\/p>\n<p><strong>K\u00e4rnten L\u00e4uft Ergebnisse\u00a0<a href=\"http:\/\/results.pentek-timing.at\/results\/show_results.php?v=11410\" target=\"_blank\" rel=\"noopener noreferrer\">2010<\/a><\/strong><\/p>\n<p><strong>K\u00e4rnten L\u00e4uft Ergebnisse\u00a0<a href=\"http:\/\/results.pentek-timing.at\/results\/show_results.php?v=10975\" target=\"_blank\" rel=\"noopener noreferrer\">2009<\/a><\/strong><\/p>\n<p><strong>K\u00e4rnten L\u00e4uft Ergebnisse\u00a0<a href=\"http:\/\/results.pentek-timing.at\/results\/show_results.php?v=10772\" target=\"_blank\" rel=\"noopener noreferrer\">2008<\/a><\/strong><\/p>\n<p><strong>K\u00e4rnten L\u00e4uft Ergebnisse\u00a0<a href=\"http:\/\/results.pentek-timing.at\/results\/show_results.php?v=10389\" target=\"_blank\" rel=\"noopener noreferrer\">2007<\/a><\/strong><\/p>\n<p><strong>K\u00e4rnten L\u00e4uft Ergebnisse\u00a0<a href=\"http:\/\/results.pentek-timing.at\/results\/show_results.php?v=10216\" target=\"_blank\" rel=\"noopener noreferrer\">2006<\/a><\/strong><\/p>\n<p><strong>K\u00e4rnten L\u00e4uft Ergebnisse\u00a0<a href=\"http:\/\/results.pentek-timing.at\/results\/show_results.php?v=1323\" target=\"_blank\" rel=\"noopener noreferrer\">2005<\/a><\/strong><\/p>\n<p><strong>K\u00e4rnten L\u00e4uft Ergebnisse\u00a0<a href=\"http:\/\/results.pentek-timing.at\/results\/show_results.php?v=1073\" target=\"_blank\" rel=\"noopener noreferrer\">2004<\/a><\/strong><\/p>\n<p><strong>K\u00e4rnten L\u00e4uft Ergebnisse\u00a0<a href=\"http:\/\/www.pentek-timing.at\/results\/2003\/801.htm\" target=\"_blank\" rel=\"noopener noreferrer\">2003<\/a><\/strong><\/p>\n<p><strong>K\u00e4rnten L\u00e4uft Ergebnisse\u00a0<a href=\"http:\/\/www.pentek-timing.at\/results\/2002\/583.htm\" target=\"_blank\" rel=\"noopener noreferrer\">2002<\/a><\/strong><\/p>\n<\/div>\n\n\n<p><\/p>\n","protected":false},"excerpt":{"rendered":"<p>Here you can find all results from previous editions of K\u00e4rnten L\u00e4uft: K\u00e4rnten L\u00e4uft Ergebnisse\u00a02025 K\u00e4rnten L\u00e4uft Ergebnisse\u00a02024 K\u00e4rnten L\u00e4uft Ergebnisse\u00a02023 K\u00e4rnten L\u00e4uft Ergebnisse\u00a02022 K\u00e4rnten L\u00e4uft Ergebnisse\u00a02021 K\u00e4rnten L\u00e4uft Ergebnisse\u00a02020 K\u00e4rnten L\u00e4uft Ergebnisse\u00a02019 K\u00e4rnten L\u00e4uft Ergebnisse\u00a02018 K\u00e4rnten L\u00e4uft Ergebnisse\u00a02017 K\u00e4rnten L\u00e4uft Ergebnisse\u00a02016 K\u00e4rnten L\u00e4uft Ergebnisse\u00a02015 K\u00e4rnten L\u00e4uft Ergebnisse\u00a02014 K\u00e4rnten L\u00e4uft Ergebnisse\u00a02013 K\u00e4rnten L\u00e4uft Ergebnisse\u00a02012 K\u00e4rnten [&hellip;]<\/p>\n","protected":false},"author":10,"featured_media":7684,"parent":7677,"menu_order":0,"comment_status":"closed","ping_status":"closed","template":"","meta":{"footnotes":""},"class_list":["post-7615","page","type-page","status-publish","has-post-thumbnail","hentry"],"_links":{"self":[{"href":"https:\/\/www.kaerntenlaeuft.at\/en\/wp-json\/wp\/v2\/pages\/7615","targetHints":{"allow":["GET"]}}],"collection":[{"href":"https:\/\/www.kaerntenlaeuft.at\/en\/wp-json\/wp\/v2\/pages"}],"about":[{"href":"https:\/\/www.kaerntenlaeuft.at\/en\/wp-json\/wp\/v2\/types\/page"}],"author":[{"embeddable":true,"href":"https:\/\/www.kaerntenlaeuft.at\/en\/wp-json\/wp\/v2\/users\/10"}],"replies":[{"embeddable":true,"href":"https:\/\/www.kaerntenlaeuft.at\/en\/wp-json\/wp\/v2\/comments?post=7615"}],"version-history":[{"count":6,"href":"https:\/\/www.kaerntenlaeuft.at\/en\/wp-json\/wp\/v2\/pages\/7615\/revisions"}],"predecessor-version":[{"id":7685,"href":"https:\/\/www.kaerntenlaeuft.at\/en\/wp-json\/wp\/v2\/pages\/7615\/revisions\/7685"}],"up":[{"embeddable":true,"href":"https:\/\/www.kaerntenlaeuft.at\/en\/wp-json\/wp\/v2\/pages\/7677"}],"wp:featuredmedia":[{"embeddable":true,"href":"https:\/\/www.kaerntenlaeuft.at\/en\/wp-json\/wp\/v2\/media\/7684"}],"wp:attachment":[{"href":"https:\/\/www.kaerntenlaeuft.at\/en\/wp-json\/wp\/v2\/media?parent=7615"}],"curies":[{"name":"wp","href":"https:\/\/api.w.org\/{rel}","templated":true}]}}