{"id":7681,"date":"2025-11-26T17:23:21","date_gmt":"2025-11-26T16:23:21","guid":{"rendered":"https:\/\/www.kaerntenlaeuft.at\/en\/?page_id=7681"},"modified":"2025-12-01T11:30:02","modified_gmt":"2025-12-01T10:30:02","slug":"videos","status":"publish","type":"page","link":"https:\/\/www.kaerntenlaeuft.at\/en\/services-2\/videos\/","title":{"rendered":"Videos"},"content":{"rendered":"<article class=\"text-token-text-primary w-full focus:outline-none [--shadow-height:45px] has-data-writing-block:pointer-events-none has-data-writing-block:-mt-(--shadow-height) has-data-writing-block:pt-(--shadow-height) [&amp;:has([data-writing-block])&gt;*]:pointer-events-auto scroll-mt-[calc(var(--header-height)+min(200px,max(70px,20svh)))]\" dir=\"auto\" tabindex=\"-1\" data-turn-id=\"request-WEB:60f56369-9c5f-4103-91e2-543548efdf5b-42\" data-testid=\"conversation-turn-84\" data-scroll-anchor=\"true\" data-turn=\"assistant\">\n<div class=\"text-base my-auto mx-auto pb-10 [--thread-content-margin:--spacing(4)] thread-sm:[--thread-content-margin:--spacing(6)] thread-lg:[--thread-content-margin:--spacing(16)] px-(--thread-content-margin)\">\n<div class=\"[--thread-content-max-width:40rem] thread-lg:[--thread-content-max-width:48rem] mx-auto max-w-(--thread-content-max-width) flex-1 group\/turn-messages focus-visible:outline-hidden relative flex w-full min-w-0 flex-col agent-turn\" tabindex=\"-1\">\n<div class=\"flex max-w-full flex-col grow\">\n<div class=\"min-h-8 text-message relative flex w-full flex-col items-end gap-2 text-start break-words whitespace-normal [.text-message+&amp;]:mt-1\" dir=\"auto\" data-message-author-role=\"assistant\" data-message-id=\"5daa631c-2cab-4d59-ae02-022f411c49d2\" data-message-model-slug=\"gpt-5-1-instant\">\n<div class=\"flex w-full flex-col gap-1 empty:hidden first:pt-[1px]\">\n<div class=\"markdown prose dark:prose-invert w-full break-words light markdown-new-styling\">\n<p data-start=\"39\" data-end=\"317\" data-is-last-node=\"\" data-is-only-node=\"\">K\u00e4rnten L\u00e4uft is one of the most modern running events far beyond Austria\u2019s borders, and of course video footage from past years is an essential part of it. At previous editions, our video team captured stunning images and moments, which we are pleased to share with you here:<\/p>\n<\/div>\n<\/div>\n<\/div>\n<\/div>\n<div class=\"z-0 flex min-h-[46px] justify-start\">\n<h2 style=\"text-align: center;\">K\u00e4rnten L\u00e4uft 2025<\/h2>\n<\/div>\n<div class=\"mt-3 w-full empty:hidden\">\n<div class=\"text-center\">\n<p><iframe loading=\"lazy\" title=\"K\u00e4rnten L\u00e4uft  HIGHLIGHT 2025\" width=\"500\" height=\"281\" src=\"https:\/\/www.youtube.com\/embed\/OrtM_j8rCjs?start=7&#038;feature=oembed\" frameborder=\"0\" allow=\"accelerometer; autoplay; clipboard-write; encrypted-media; gyroscope; picture-in-picture; web-share\" referrerpolicy=\"strict-origin-when-cross-origin\" allowfullscreen><\/iframe><\/p>\n<h2 style=\"text-align: left;\">K\u00e4rnten L\u00e4uft 2024<\/h2>\n<p><iframe loading=\"lazy\" title=\"K\u00e4rnten L\u00e4uft 2024 - Highlights\" width=\"500\" height=\"281\" src=\"https:\/\/www.youtube.com\/embed\/RGLebik8Zt0?start=3&#038;feature=oembed\" frameborder=\"0\" allow=\"accelerometer; autoplay; clipboard-write; encrypted-media; gyroscope; picture-in-picture; web-share\" referrerpolicy=\"strict-origin-when-cross-origin\" allowfullscreen><\/iframe><\/p>\n<h2>K\u00e4rnten L\u00e4uft 2023<\/h2>\n<p><iframe loading=\"lazy\" title=\"K\u00e4rnten L\u00e4uft Highlightvideo 2023\" width=\"500\" height=\"281\" src=\"https:\/\/www.youtube.com\/embed\/RXda-6hGYRk?start=24&#038;feature=oembed\" frameborder=\"0\" allow=\"accelerometer; autoplay; clipboard-write; encrypted-media; gyroscope; picture-in-picture; web-share\" referrerpolicy=\"strict-origin-when-cross-origin\" allowfullscreen><\/iframe><\/p>\n<h2>K\u00e4rnten L\u00e4uft Highlightvideo 2022<\/h2>\n<p><iframe loading=\"lazy\" title=\"K\u00e4rnten L\u00e4uft Highlightvideo 2022\" width=\"500\" height=\"281\" src=\"https:\/\/www.youtube.com\/embed\/4d1EA2HhsCQ?feature=oembed\" frameborder=\"0\" allow=\"accelerometer; autoplay; clipboard-write; encrypted-media; gyroscope; picture-in-picture; web-share\" referrerpolicy=\"strict-origin-when-cross-origin\" allowfullscreen><\/iframe><\/p>\n<h2>K\u00e4rnten L\u00e4uft 2021<\/h2>\n<p><iframe loading=\"lazy\" title=\"K\u00e4rnten L\u00e4uft 2021- 20. Jahre Jubil\u00e4um Highlightvideo\" width=\"500\" height=\"281\" src=\"https:\/\/www.youtube.com\/embed\/bCv2ZxvbJhk?feature=oembed\" frameborder=\"0\" allow=\"accelerometer; autoplay; clipboard-write; encrypted-media; gyroscope; picture-in-picture; web-share\" referrerpolicy=\"strict-origin-when-cross-origin\" allowfullscreen><\/iframe><\/p>\n<h2>K\u00e4rnten L\u00e4uft 2021 New Route<\/h2>\n<p><iframe loading=\"lazy\" title=\"NEUE STRECKE Kleine Zeitung W\u00f6rthersee Halbmarathon\" width=\"500\" height=\"281\" src=\"https:\/\/www.youtube.com\/embed\/QjuHyAy6zv4?feature=oembed\" frameborder=\"0\" allow=\"accelerometer; autoplay; clipboard-write; encrypted-media; gyroscope; picture-in-picture; web-share\" referrerpolicy=\"strict-origin-when-cross-origin\" allowfullscreen><\/iframe><\/p>\n<h2>K\u00e4rnten L\u00e4uft 2020<\/h2>\n<p><iframe loading=\"lazy\" title=\"K\u00e4rnten L\u00e4uft 2020\" width=\"500\" height=\"281\" src=\"https:\/\/www.youtube.com\/embed\/0N4sTDECWLA?feature=oembed\" frameborder=\"0\" allow=\"accelerometer; autoplay; clipboard-write; encrypted-media; gyroscope; picture-in-picture; web-share\" referrerpolicy=\"strict-origin-when-cross-origin\" allowfullscreen><\/iframe><\/p>\n<h2>Teaser K\u00e4rnten L\u00e4uft 2019<\/h2>\n<p><iframe loading=\"lazy\" title=\"K\u00e4rnten L\u00e4uft Teaser Sonntagsbewerbe\" width=\"500\" height=\"281\" src=\"https:\/\/www.youtube.com\/embed\/JBWXXDs5o-k?feature=oembed\" frameborder=\"0\" allow=\"accelerometer; autoplay; clipboard-write; encrypted-media; gyroscope; picture-in-picture; web-share\" referrerpolicy=\"strict-origin-when-cross-origin\" allowfullscreen><\/iframe><\/p>\n<h2>W\u00f6rhtersee Night Run Teaser<\/h2>\n<p><iframe loading=\"lazy\" title=\"K\u00e4rnten L\u00e4uft Spot W\u00f6rthersee Night Run\" width=\"500\" height=\"281\" src=\"https:\/\/www.youtube.com\/embed\/_RaTSwFoB4o?feature=oembed\" frameborder=\"0\" allow=\"accelerometer; autoplay; clipboard-write; encrypted-media; gyroscope; picture-in-picture; web-share\" referrerpolicy=\"strict-origin-when-cross-origin\" allowfullscreen><\/iframe><\/p>\n<h2>K\u00e4rnten L\u00e4uft 2018<\/h2>\n<p><iframe loading=\"lazy\" title=\"K\u00e4rnten L\u00e4uft 2018 Highlights\" width=\"500\" height=\"281\" src=\"https:\/\/www.youtube.com\/embed\/RiGXsAFOYRc?feature=oembed\" frameborder=\"0\" allow=\"accelerometer; autoplay; clipboard-write; encrypted-media; gyroscope; picture-in-picture; web-share\" referrerpolicy=\"strict-origin-when-cross-origin\" allowfullscreen><\/iframe><\/p>\n<h2><strong>K\u00e4rnten L\u00e4uft 2017<\/strong><\/h2>\n<p><iframe loading=\"lazy\" title=\"K\u00e4rnten L\u00e4uft Highlights 2017\" width=\"500\" height=\"281\" src=\"https:\/\/www.youtube.com\/embed\/bu1zx0UOXRI?feature=oembed\" frameborder=\"0\" allow=\"accelerometer; autoplay; clipboard-write; encrypted-media; gyroscope; picture-in-picture; web-share\" referrerpolicy=\"strict-origin-when-cross-origin\" allowfullscreen><\/iframe><\/p>\n<h2>K\u00e4rnten L\u00e4uft 2016<\/h2>\n<p><iframe loading=\"lazy\" title=\"K\u00e4rnten L\u00e4uft 2016 - Die Highlights\" width=\"500\" height=\"281\" src=\"https:\/\/www.youtube.com\/embed\/__etviGdEyc?feature=oembed\" frameborder=\"0\" allow=\"accelerometer; autoplay; clipboard-write; encrypted-media; gyroscope; picture-in-picture; web-share\" referrerpolicy=\"strict-origin-when-cross-origin\" allowfullscreen><\/iframe><\/p>\n<h2><strong>K\u00e4rnten L\u00e4uft 2015<\/strong><\/h2>\n<p><iframe loading=\"lazy\" title=\"K\u00e4rnten L\u00e4uft Highlights 2015\" width=\"500\" height=\"281\" src=\"https:\/\/www.youtube.com\/embed\/jens6k4mA6w?feature=oembed\" frameborder=\"0\" allow=\"accelerometer; autoplay; clipboard-write; encrypted-media; gyroscope; picture-in-picture; web-share\" referrerpolicy=\"strict-origin-when-cross-origin\" allowfullscreen><\/iframe><\/p>\n<h2><strong>K\u00e4rnten L\u00e4uft 2015 New Route<\/strong><\/h2>\n<p><iframe loading=\"lazy\" title=\"K\u00e4rnten L\u00e4uft 2015 - Neue Strecke\" width=\"500\" height=\"281\" src=\"https:\/\/www.youtube.com\/embed\/2mItsPSw4Hs?feature=oembed\" frameborder=\"0\" allow=\"accelerometer; autoplay; clipboard-write; encrypted-media; gyroscope; picture-in-picture; web-share\" referrerpolicy=\"strict-origin-when-cross-origin\" allowfullscreen><\/iframe><\/p>\n<h2><strong>K\u00e4rnten L\u00e4uft 2014<\/strong><\/h2>\n<p><iframe loading=\"lazy\" title=\"K\u00e4rnten L\u00e4uft W\u00f6rthersee Halbmarathon Highlight 2014\" width=\"500\" height=\"281\" src=\"https:\/\/www.youtube.com\/embed\/0PDMi8koJT4?feature=oembed\" frameborder=\"0\" allow=\"accelerometer; autoplay; clipboard-write; encrypted-media; gyroscope; picture-in-picture; web-share\" referrerpolicy=\"strict-origin-when-cross-origin\" allowfullscreen><\/iframe><\/p>\n<h2><strong>K\u00e4rnten L\u00e4uft 2013<\/strong><\/h2>\n<p><iframe loading=\"lazy\" title=\"K\u00e4rnten L\u00e4uft 2013 - Die Highlights\" width=\"500\" height=\"281\" src=\"https:\/\/www.youtube.com\/embed\/QEEZ6I6I7Us?feature=oembed\" frameborder=\"0\" allow=\"accelerometer; autoplay; clipboard-write; encrypted-media; gyroscope; picture-in-picture; web-share\" referrerpolicy=\"strict-origin-when-cross-origin\" allowfullscreen><\/iframe><\/p>\n<\/div>\n<\/div>\n<\/div>\n<\/div>\n<\/article>\n<p data-start=\"1043\" data-end=\"1142\" data-is-last-node=\"\" data-is-only-node=\"\">\u00a0<\/p>\n\n\n<p><\/p>\n","protected":false},"excerpt":{"rendered":"<p>K\u00e4rnten L\u00e4uft is one of the most modern running events far beyond Austria\u2019s borders, and of course video footage from past years is an essential part of it. At previous editions, our video team captured stunning images and moments, which we are pleased to share with you here: K\u00e4rnten L\u00e4uft 2025 K\u00e4rnten L\u00e4uft 2024 K\u00e4rnten [&hellip;]<\/p>\n","protected":false},"author":10,"featured_media":7558,"parent":7565,"menu_order":0,"comment_status":"closed","ping_status":"closed","template":"","meta":{"footnotes":""},"class_list":["post-7681","page","type-page","status-publish","has-post-thumbnail","hentry"],"_links":{"self":[{"href":"https:\/\/www.kaerntenlaeuft.at\/en\/wp-json\/wp\/v2\/pages\/7681","targetHints":{"allow":["GET"]}}],"collection":[{"href":"https:\/\/www.kaerntenlaeuft.at\/en\/wp-json\/wp\/v2\/pages"}],"about":[{"href":"https:\/\/www.kaerntenlaeuft.at\/en\/wp-json\/wp\/v2\/types\/page"}],"author":[{"embeddable":true,"href":"https:\/\/www.kaerntenlaeuft.at\/en\/wp-json\/wp\/v2\/users\/10"}],"replies":[{"embeddable":true,"href":"https:\/\/www.kaerntenlaeuft.at\/en\/wp-json\/wp\/v2\/comments?post=7681"}],"version-history":[{"count":6,"href":"https:\/\/www.kaerntenlaeuft.at\/en\/wp-json\/wp\/v2\/pages\/7681\/revisions"}],"predecessor-version":[{"id":7737,"href":"https:\/\/www.kaerntenlaeuft.at\/en\/wp-json\/wp\/v2\/pages\/7681\/revisions\/7737"}],"up":[{"embeddable":true,"href":"https:\/\/www.kaerntenlaeuft.at\/en\/wp-json\/wp\/v2\/pages\/7565"}],"wp:featuredmedia":[{"embeddable":true,"href":"https:\/\/www.kaerntenlaeuft.at\/en\/wp-json\/wp\/v2\/media\/7558"}],"wp:attachment":[{"href":"https:\/\/www.kaerntenlaeuft.at\/en\/wp-json\/wp\/v2\/media?parent=7681"}],"curies":[{"name":"wp","href":"https:\/\/api.w.org\/{rel}","templated":true}]}}